{"id":347,"date":"2016-12-22T10:03:36","date_gmt":"2016-12-22T10:03:36","guid":{"rendered":"http:\/\/kormans.at\/?page_id=347"},"modified":"2016-12-22T11:04:33","modified_gmt":"2016-12-22T11:04:33","slug":"2016-2","status":"publish","type":"page","link":"http:\/\/kormans.at\/?page_id=347","title":{"rendered":"2016"},"content":{"rendered":"<p>&nbsp;<\/p>\n<p><strong>2016-Nov VHS-Kurs Bronze1 in Bruck<\/strong><\/p>\n<p><a href=\"http:\/\/kormans.at\/wp-content\/uploads\/2016\/12\/Bruck-091.jpg\"><img loading=\"lazy\" decoding=\"async\" class=\"alignnone size-medium wp-image-429\" src=\"http:\/\/kormans.at\/wp-content\/uploads\/2016\/12\/Bruck-091-300x169.jpg\" alt=\"Bruck-09\" width=\"300\" height=\"169\" srcset=\"http:\/\/kormans.at\/wp-content\/uploads\/2016\/12\/Bruck-091-300x169.jpg 300w, http:\/\/kormans.at\/wp-content\/uploads\/2016\/12\/Bruck-091-1024x575.jpg 1024w, http:\/\/kormans.at\/wp-content\/uploads\/2016\/12\/Bruck-091.jpg 1262w\" sizes=\"auto, (max-width: 300px) 100vw, 300px\" \/><\/a> <a href=\"http:\/\/kormans.at\/wp-content\/uploads\/2016\/12\/Bruck-081.jpg\"><img loading=\"lazy\" decoding=\"async\" class=\"alignnone size-medium wp-image-428\" src=\"http:\/\/kormans.at\/wp-content\/uploads\/2016\/12\/Bruck-081-300x169.jpg\" alt=\"Bruck-08\" width=\"300\" height=\"169\" srcset=\"http:\/\/kormans.at\/wp-content\/uploads\/2016\/12\/Bruck-081-300x169.jpg 300w, http:\/\/kormans.at\/wp-content\/uploads\/2016\/12\/Bruck-081-1024x575.jpg 1024w, http:\/\/kormans.at\/wp-content\/uploads\/2016\/12\/Bruck-081.jpg 1262w\" sizes=\"auto, (max-width: 300px) 100vw, 300px\" \/><\/a><br \/>\n<a href=\"http:\/\/kormans.at\/wp-content\/uploads\/2016\/12\/Bruck-051.jpg\"><img loading=\"lazy\" decoding=\"async\" class=\"alignnone size-medium wp-image-425\" src=\"http:\/\/kormans.at\/wp-content\/uploads\/2016\/12\/Bruck-051-300x169.jpg\" alt=\"Bruck-05\" width=\"300\" height=\"169\" srcset=\"http:\/\/kormans.at\/wp-content\/uploads\/2016\/12\/Bruck-051-300x169.jpg 300w, http:\/\/kormans.at\/wp-content\/uploads\/2016\/12\/Bruck-051-1024x575.jpg 1024w, http:\/\/kormans.at\/wp-content\/uploads\/2016\/12\/Bruck-051.jpg 1262w\" sizes=\"auto, (max-width: 300px) 100vw, 300px\" \/><\/a>\u00a0<a href=\"http:\/\/kormans.at\/wp-content\/uploads\/2016\/12\/Bruck-041.jpg\"><img loading=\"lazy\" decoding=\"async\" class=\"alignnone size-medium wp-image-424\" src=\"http:\/\/kormans.at\/wp-content\/uploads\/2016\/12\/Bruck-041-300x169.jpg\" alt=\"Bruck-04\" width=\"300\" height=\"169\" srcset=\"http:\/\/kormans.at\/wp-content\/uploads\/2016\/12\/Bruck-041-300x169.jpg 300w, http:\/\/kormans.at\/wp-content\/uploads\/2016\/12\/Bruck-041-1024x575.jpg 1024w, http:\/\/kormans.at\/wp-content\/uploads\/2016\/12\/Bruck-041.jpg 1262w\" sizes=\"auto, (max-width: 300px) 100vw, 300px\" \/><\/a><br \/>\n<a href=\"http:\/\/kormans.at\/wp-content\/uploads\/2016\/12\/Bruck-061.jpg\"><img loading=\"lazy\" decoding=\"async\" class=\"alignnone size-medium wp-image-426\" src=\"http:\/\/kormans.at\/wp-content\/uploads\/2016\/12\/Bruck-061-168x300.jpg\" alt=\"Bruck-06\" width=\"168\" height=\"300\" srcset=\"http:\/\/kormans.at\/wp-content\/uploads\/2016\/12\/Bruck-061-168x300.jpg 168w, http:\/\/kormans.at\/wp-content\/uploads\/2016\/12\/Bruck-061.jpg 398w\" sizes=\"auto, (max-width: 168px) 100vw, 168px\" \/><\/a><a href=\"http:\/\/kormans.at\/wp-content\/uploads\/2016\/12\/Bruck-071.jpg\"><img loading=\"lazy\" decoding=\"async\" class=\"alignnone size-medium wp-image-427\" src=\"http:\/\/kormans.at\/wp-content\/uploads\/2016\/12\/Bruck-071-168x300.jpg\" alt=\"Bruck-07\" width=\"168\" height=\"300\" srcset=\"http:\/\/kormans.at\/wp-content\/uploads\/2016\/12\/Bruck-071-168x300.jpg 168w, http:\/\/kormans.at\/wp-content\/uploads\/2016\/12\/Bruck-071.jpg 398w\" sizes=\"auto, (max-width: 168px) 100vw, 168px\" \/><\/a><a href=\"http:\/\/kormans.at\/wp-content\/uploads\/2016\/12\/Bruck-031.jpg\"><img loading=\"lazy\" decoding=\"async\" class=\"alignnone size-medium wp-image-423\" src=\"http:\/\/kormans.at\/wp-content\/uploads\/2016\/12\/Bruck-031-168x300.jpg\" alt=\"Bruck-03\" width=\"168\" height=\"300\" srcset=\"http:\/\/kormans.at\/wp-content\/uploads\/2016\/12\/Bruck-031-168x300.jpg 168w, http:\/\/kormans.at\/wp-content\/uploads\/2016\/12\/Bruck-031.jpg 398w\" sizes=\"auto, (max-width: 168px) 100vw, 168px\" \/><\/a><a href=\"http:\/\/kormans.at\/wp-content\/uploads\/2016\/12\/Bruck-011.jpg\"><img loading=\"lazy\" decoding=\"async\" class=\"alignnone size-medium wp-image-421\" src=\"http:\/\/kormans.at\/wp-content\/uploads\/2016\/12\/Bruck-011-168x300.jpg\" alt=\"Bruck-01\" width=\"168\" height=\"300\" srcset=\"http:\/\/kormans.at\/wp-content\/uploads\/2016\/12\/Bruck-011-168x300.jpg 168w, http:\/\/kormans.at\/wp-content\/uploads\/2016\/12\/Bruck-011.jpg 398w\" sizes=\"auto, (max-width: 168px) 100vw, 168px\" \/><\/a><\/p>\n<p>&nbsp;<\/p>\n<p><strong>2016-09-25 Erlebnistag im &#8222;\u00d6sterreichischen Freilichtmuseum St\u00fcbing&#8220;<\/strong><\/p>\n<p><a href=\"http:\/\/kormans.at\/wp-content\/uploads\/2016\/12\/012.png\"><img loading=\"lazy\" decoding=\"async\" class=\"alignnone size-medium wp-image-380\" src=\"http:\/\/kormans.at\/wp-content\/uploads\/2016\/12\/012-163x300.png\" alt=\"012\" width=\"163\" height=\"300\" srcset=\"http:\/\/kormans.at\/wp-content\/uploads\/2016\/12\/012-163x300.png 163w, http:\/\/kormans.at\/wp-content\/uploads\/2016\/12\/012.png 386w\" sizes=\"auto, (max-width: 163px) 100vw, 163px\" \/><\/a><a href=\"http:\/\/kormans.at\/wp-content\/uploads\/2016\/12\/015.jpg\"><img loading=\"lazy\" decoding=\"async\" class=\"alignnone size-medium wp-image-382\" src=\"http:\/\/kormans.at\/wp-content\/uploads\/2016\/12\/015-201x300.jpg\" alt=\"SONY DSC\" width=\"201\" height=\"300\" srcset=\"http:\/\/kormans.at\/wp-content\/uploads\/2016\/12\/015-201x300.jpg 201w, http:\/\/kormans.at\/wp-content\/uploads\/2016\/12\/015.jpg 474w\" sizes=\"auto, (max-width: 201px) 100vw, 201px\" \/><\/a>\u00a0<a href=\"http:\/\/kormans.at\/wp-content\/uploads\/2016\/12\/014.jpg\"><img loading=\"lazy\" decoding=\"async\" class=\"alignnone size-medium wp-image-381\" src=\"http:\/\/kormans.at\/wp-content\/uploads\/2016\/12\/014-300x201.jpg\" alt=\"SONY DSC\" width=\"300\" height=\"201\" srcset=\"http:\/\/kormans.at\/wp-content\/uploads\/2016\/12\/014-300x201.jpg 300w, http:\/\/kormans.at\/wp-content\/uploads\/2016\/12\/014-1024x686.jpg 1024w, http:\/\/kormans.at\/wp-content\/uploads\/2016\/12\/014.jpg 1059w\" sizes=\"auto, (max-width: 300px) 100vw, 300px\" \/><\/a><a href=\"http:\/\/kormans.at\/wp-content\/uploads\/2016\/12\/017.jpg\"><img loading=\"lazy\" decoding=\"async\" class=\"alignnone size-medium wp-image-383\" src=\"http:\/\/kormans.at\/wp-content\/uploads\/2016\/12\/017-300x201.jpg\" alt=\"SONY DSC\" width=\"300\" height=\"201\" srcset=\"http:\/\/kormans.at\/wp-content\/uploads\/2016\/12\/017-300x201.jpg 300w, http:\/\/kormans.at\/wp-content\/uploads\/2016\/12\/017-1024x686.jpg 1024w, http:\/\/kormans.at\/wp-content\/uploads\/2016\/12\/017.jpg 1059w\" sizes=\"auto, (max-width: 300px) 100vw, 300px\" \/><\/a> <a href=\"http:\/\/kormans.at\/wp-content\/uploads\/2016\/12\/020.jpg\"><img loading=\"lazy\" decoding=\"async\" class=\"alignnone size-medium wp-image-384\" src=\"http:\/\/kormans.at\/wp-content\/uploads\/2016\/12\/020-300x201.jpg\" alt=\"SONY DSC\" width=\"300\" height=\"201\" srcset=\"http:\/\/kormans.at\/wp-content\/uploads\/2016\/12\/020-300x201.jpg 300w, http:\/\/kormans.at\/wp-content\/uploads\/2016\/12\/020-1024x686.jpg 1024w, http:\/\/kormans.at\/wp-content\/uploads\/2016\/12\/020.jpg 1059w\" sizes=\"auto, (max-width: 300px) 100vw, 300px\" \/><\/a>\u00a0\u00a0 <a href=\"http:\/\/kormans.at\/wp-content\/uploads\/2016\/12\/022.jpg\"><img loading=\"lazy\" decoding=\"async\" class=\"alignnone size-medium wp-image-385\" src=\"http:\/\/kormans.at\/wp-content\/uploads\/2016\/12\/022-201x300.jpg\" alt=\"SONY DSC\" width=\"201\" height=\"300\" srcset=\"http:\/\/kormans.at\/wp-content\/uploads\/2016\/12\/022-201x300.jpg 201w, http:\/\/kormans.at\/wp-content\/uploads\/2016\/12\/022.jpg 474w\" sizes=\"auto, (max-width: 201px) 100vw, 201px\" \/><\/a> <a href=\"http:\/\/kormans.at\/wp-content\/uploads\/2016\/12\/027.jpg\"><img loading=\"lazy\" decoding=\"async\" class=\"alignnone size-medium wp-image-386\" src=\"http:\/\/kormans.at\/wp-content\/uploads\/2016\/12\/027-201x300.jpg\" alt=\"SONY DSC\" width=\"201\" height=\"300\" srcset=\"http:\/\/kormans.at\/wp-content\/uploads\/2016\/12\/027-201x300.jpg 201w, http:\/\/kormans.at\/wp-content\/uploads\/2016\/12\/027.jpg 474w\" sizes=\"auto, (max-width: 201px) 100vw, 201px\" \/><\/a> <a href=\"http:\/\/kormans.at\/wp-content\/uploads\/2016\/12\/030.jpg\"><img loading=\"lazy\" decoding=\"async\" class=\"alignnone size-medium wp-image-387\" src=\"http:\/\/kormans.at\/wp-content\/uploads\/2016\/12\/030-201x300.jpg\" alt=\"SONY DSC\" width=\"201\" height=\"300\" srcset=\"http:\/\/kormans.at\/wp-content\/uploads\/2016\/12\/030-201x300.jpg 201w, http:\/\/kormans.at\/wp-content\/uploads\/2016\/12\/030.jpg 474w\" sizes=\"auto, (max-width: 201px) 100vw, 201px\" \/><\/a> <a href=\"http:\/\/kormans.at\/wp-content\/uploads\/2016\/12\/032.jpg\"><img loading=\"lazy\" decoding=\"async\" class=\"alignnone size-medium wp-image-388\" src=\"http:\/\/kormans.at\/wp-content\/uploads\/2016\/12\/032-300x201.jpg\" alt=\"SONY DSC\" width=\"300\" height=\"201\" srcset=\"http:\/\/kormans.at\/wp-content\/uploads\/2016\/12\/032-300x201.jpg 300w, http:\/\/kormans.at\/wp-content\/uploads\/2016\/12\/032-1024x686.jpg 1024w, http:\/\/kormans.at\/wp-content\/uploads\/2016\/12\/032.jpg 1059w\" sizes=\"auto, (max-width: 300px) 100vw, 300px\" \/><\/a> <a href=\"http:\/\/kormans.at\/wp-content\/uploads\/2016\/12\/034.jpg\"><img loading=\"lazy\" decoding=\"async\" class=\"alignnone size-medium wp-image-389\" src=\"http:\/\/kormans.at\/wp-content\/uploads\/2016\/12\/034-300x201.jpg\" alt=\"SONY DSC\" width=\"300\" height=\"201\" srcset=\"http:\/\/kormans.at\/wp-content\/uploads\/2016\/12\/034-300x201.jpg 300w, http:\/\/kormans.at\/wp-content\/uploads\/2016\/12\/034-1024x686.jpg 1024w, http:\/\/kormans.at\/wp-content\/uploads\/2016\/12\/034.jpg 1059w\" sizes=\"auto, (max-width: 300px) 100vw, 300px\" \/><\/a> <a href=\"http:\/\/kormans.at\/wp-content\/uploads\/2016\/12\/036.jpg\"><img loading=\"lazy\" decoding=\"async\" class=\"alignnone size-medium wp-image-390\" src=\"http:\/\/kormans.at\/wp-content\/uploads\/2016\/12\/036-201x300.jpg\" alt=\"SONY DSC\" width=\"201\" height=\"300\" srcset=\"http:\/\/kormans.at\/wp-content\/uploads\/2016\/12\/036-201x300.jpg 201w, http:\/\/kormans.at\/wp-content\/uploads\/2016\/12\/036.jpg 474w\" sizes=\"auto, (max-width: 201px) 100vw, 201px\" \/><\/a> <a href=\"http:\/\/kormans.at\/wp-content\/uploads\/2016\/12\/039.jpg\"><img loading=\"lazy\" decoding=\"async\" class=\"alignnone size-medium wp-image-391\" src=\"http:\/\/kormans.at\/wp-content\/uploads\/2016\/12\/039-201x300.jpg\" alt=\"SONY DSC\" width=\"201\" height=\"300\" srcset=\"http:\/\/kormans.at\/wp-content\/uploads\/2016\/12\/039-201x300.jpg 201w, http:\/\/kormans.at\/wp-content\/uploads\/2016\/12\/039.jpg 474w\" sizes=\"auto, (max-width: 201px) 100vw, 201px\" \/><\/a> <a href=\"http:\/\/kormans.at\/wp-content\/uploads\/2016\/12\/041.jpg\"><img loading=\"lazy\" decoding=\"async\" class=\"alignnone size-medium wp-image-392\" src=\"http:\/\/kormans.at\/wp-content\/uploads\/2016\/12\/041-201x300.jpg\" alt=\"SONY DSC\" width=\"201\" height=\"300\" srcset=\"http:\/\/kormans.at\/wp-content\/uploads\/2016\/12\/041-201x300.jpg 201w, http:\/\/kormans.at\/wp-content\/uploads\/2016\/12\/041.jpg 474w\" sizes=\"auto, (max-width: 201px) 100vw, 201px\" \/><\/a> <a href=\"http:\/\/kormans.at\/wp-content\/uploads\/2016\/12\/044.jpg\"><img loading=\"lazy\" decoding=\"async\" class=\"alignnone size-medium wp-image-393\" src=\"http:\/\/kormans.at\/wp-content\/uploads\/2016\/12\/044-201x300.jpg\" alt=\"SONY DSC\" width=\"201\" height=\"300\" srcset=\"http:\/\/kormans.at\/wp-content\/uploads\/2016\/12\/044-201x300.jpg 201w, http:\/\/kormans.at\/wp-content\/uploads\/2016\/12\/044.jpg 474w\" sizes=\"auto, (max-width: 201px) 100vw, 201px\" \/><\/a> <a href=\"http:\/\/kormans.at\/wp-content\/uploads\/2016\/12\/049.jpg\"><img loading=\"lazy\" decoding=\"async\" class=\"alignnone size-medium wp-image-394\" src=\"http:\/\/kormans.at\/wp-content\/uploads\/2016\/12\/049-201x300.jpg\" alt=\"SONY DSC\" width=\"201\" height=\"300\" srcset=\"http:\/\/kormans.at\/wp-content\/uploads\/2016\/12\/049-201x300.jpg 201w, http:\/\/kormans.at\/wp-content\/uploads\/2016\/12\/049.jpg 474w\" sizes=\"auto, (max-width: 201px) 100vw, 201px\" \/><\/a> <a href=\"http:\/\/kormans.at\/wp-content\/uploads\/2016\/12\/052.jpg\"><img loading=\"lazy\" decoding=\"async\" class=\"alignnone size-medium wp-image-395\" src=\"http:\/\/kormans.at\/wp-content\/uploads\/2016\/12\/052-300x201.jpg\" alt=\"SONY DSC\" width=\"300\" height=\"201\" srcset=\"http:\/\/kormans.at\/wp-content\/uploads\/2016\/12\/052-300x201.jpg 300w, http:\/\/kormans.at\/wp-content\/uploads\/2016\/12\/052-1024x686.jpg 1024w, http:\/\/kormans.at\/wp-content\/uploads\/2016\/12\/052.jpg 1059w\" sizes=\"auto, (max-width: 300px) 100vw, 300px\" \/><\/a> <strong><a href=\"http:\/\/kormans.at\/wp-content\/uploads\/2016\/12\/055.jpg\"><img loading=\"lazy\" decoding=\"async\" class=\"alignnone size-medium wp-image-396\" src=\"http:\/\/kormans.at\/wp-content\/uploads\/2016\/12\/055-201x300.jpg\" alt=\"SONY DSC\" width=\"201\" height=\"300\" srcset=\"http:\/\/kormans.at\/wp-content\/uploads\/2016\/12\/055-201x300.jpg 201w, http:\/\/kormans.at\/wp-content\/uploads\/2016\/12\/055.jpg 474w\" sizes=\"auto, (max-width: 201px) 100vw, 201px\" \/><\/a> <a href=\"http:\/\/kormans.at\/wp-content\/uploads\/2016\/12\/058.jpg\"><img loading=\"lazy\" decoding=\"async\" class=\"alignnone size-medium wp-image-397\" src=\"http:\/\/kormans.at\/wp-content\/uploads\/2016\/12\/058-300x201.jpg\" alt=\"SONY DSC\" width=\"300\" height=\"201\" srcset=\"http:\/\/kormans.at\/wp-content\/uploads\/2016\/12\/058-300x201.jpg 300w, http:\/\/kormans.at\/wp-content\/uploads\/2016\/12\/058-1024x686.jpg 1024w, http:\/\/kormans.at\/wp-content\/uploads\/2016\/12\/058.jpg 1059w\" sizes=\"auto, (max-width: 300px) 100vw, 300px\" \/><\/a> <a href=\"http:\/\/kormans.at\/wp-content\/uploads\/2016\/12\/060.jpg\"><img loading=\"lazy\" decoding=\"async\" class=\"alignnone size-medium wp-image-398\" src=\"http:\/\/kormans.at\/wp-content\/uploads\/2016\/12\/060-201x300.jpg\" alt=\"SONY DSC\" width=\"201\" height=\"300\" srcset=\"http:\/\/kormans.at\/wp-content\/uploads\/2016\/12\/060-201x300.jpg 201w, http:\/\/kormans.at\/wp-content\/uploads\/2016\/12\/060.jpg 474w\" sizes=\"auto, (max-width: 201px) 100vw, 201px\" \/><\/a><\/strong><\/p>\n<p>&nbsp;<\/p>\n<p><strong>\u00a02016 M\u00e4rz Ein Blasebalg entsteht (Nachbau aus der Krakauer Schmiede &#8222;\u00d6sterreichisches Freilichtmuseum St\u00fcbing&#8220;)<\/strong><\/p>\n<p><a href=\"http:\/\/kormans.at\/wp-content\/uploads\/2016\/12\/Blasebalg-01.jpg\"><img loading=\"lazy\" decoding=\"async\" class=\"alignnone size-medium wp-image-432\" src=\"http:\/\/kormans.at\/wp-content\/uploads\/2016\/12\/Blasebalg-01-300x169.jpg\" alt=\"Blasebalg-01\" width=\"300\" height=\"169\" srcset=\"http:\/\/kormans.at\/wp-content\/uploads\/2016\/12\/Blasebalg-01-300x169.jpg 300w, http:\/\/kormans.at\/wp-content\/uploads\/2016\/12\/Blasebalg-01-1024x575.jpg 1024w, http:\/\/kormans.at\/wp-content\/uploads\/2016\/12\/Blasebalg-01.jpg 1262w\" sizes=\"auto, (max-width: 300px) 100vw, 300px\" \/><\/a> <a href=\"http:\/\/kormans.at\/wp-content\/uploads\/2016\/12\/Blasebalg-02.jpg\"><img loading=\"lazy\" decoding=\"async\" class=\"alignnone size-medium wp-image-433\" src=\"http:\/\/kormans.at\/wp-content\/uploads\/2016\/12\/Blasebalg-02-168x300.jpg\" alt=\"Blasebalg-02\" width=\"168\" height=\"300\" srcset=\"http:\/\/kormans.at\/wp-content\/uploads\/2016\/12\/Blasebalg-02-168x300.jpg 168w, http:\/\/kormans.at\/wp-content\/uploads\/2016\/12\/Blasebalg-02.jpg 398w\" sizes=\"auto, (max-width: 168px) 100vw, 168px\" \/><\/a> <a href=\"http:\/\/kormans.at\/wp-content\/uploads\/2016\/12\/Blasebalg-03.jpg\"><img loading=\"lazy\" decoding=\"async\" class=\"alignnone size-medium wp-image-434\" src=\"http:\/\/kormans.at\/wp-content\/uploads\/2016\/12\/Blasebalg-03-168x300.jpg\" alt=\"Blasebalg-03\" width=\"168\" height=\"300\" srcset=\"http:\/\/kormans.at\/wp-content\/uploads\/2016\/12\/Blasebalg-03-168x300.jpg 168w, http:\/\/kormans.at\/wp-content\/uploads\/2016\/12\/Blasebalg-03.jpg 398w\" sizes=\"auto, (max-width: 168px) 100vw, 168px\" \/><\/a> <a href=\"http:\/\/kormans.at\/wp-content\/uploads\/2016\/12\/Blasebalg-04.jpg\"><img loading=\"lazy\" decoding=\"async\" class=\"alignnone size-medium wp-image-435\" src=\"http:\/\/kormans.at\/wp-content\/uploads\/2016\/12\/Blasebalg-04-168x300.jpg\" alt=\"Blasebalg-04\" width=\"168\" height=\"300\" srcset=\"http:\/\/kormans.at\/wp-content\/uploads\/2016\/12\/Blasebalg-04-168x300.jpg 168w, http:\/\/kormans.at\/wp-content\/uploads\/2016\/12\/Blasebalg-04.jpg 398w\" sizes=\"auto, (max-width: 168px) 100vw, 168px\" \/><\/a> <a href=\"http:\/\/kormans.at\/wp-content\/uploads\/2016\/12\/Blasebalg-05.jpg\"><img loading=\"lazy\" decoding=\"async\" class=\"alignnone size-medium wp-image-436\" src=\"http:\/\/kormans.at\/wp-content\/uploads\/2016\/12\/Blasebalg-05-300x169.jpg\" alt=\"Blasebalg-05\" width=\"300\" height=\"169\" srcset=\"http:\/\/kormans.at\/wp-content\/uploads\/2016\/12\/Blasebalg-05-300x169.jpg 300w, http:\/\/kormans.at\/wp-content\/uploads\/2016\/12\/Blasebalg-05-1024x575.jpg 1024w, http:\/\/kormans.at\/wp-content\/uploads\/2016\/12\/Blasebalg-05.jpg 1262w\" sizes=\"auto, (max-width: 300px) 100vw, 300px\" \/><\/a> <a href=\"http:\/\/kormans.at\/wp-content\/uploads\/2016\/12\/Blasebalg-06.jpg\"><img loading=\"lazy\" decoding=\"async\" class=\"alignnone size-medium wp-image-437\" src=\"http:\/\/kormans.at\/wp-content\/uploads\/2016\/12\/Blasebalg-06-168x300.jpg\" alt=\"Blasebalg-06\" width=\"168\" height=\"300\" srcset=\"http:\/\/kormans.at\/wp-content\/uploads\/2016\/12\/Blasebalg-06-168x300.jpg 168w, http:\/\/kormans.at\/wp-content\/uploads\/2016\/12\/Blasebalg-06.jpg 398w\" sizes=\"auto, (max-width: 168px) 100vw, 168px\" \/><\/a> <a href=\"http:\/\/kormans.at\/wp-content\/uploads\/2016\/12\/Blasebalg-07.jpg\"><img loading=\"lazy\" decoding=\"async\" class=\"alignnone size-medium wp-image-438\" src=\"http:\/\/kormans.at\/wp-content\/uploads\/2016\/12\/Blasebalg-07-168x300.jpg\" alt=\"Blasebalg-07\" width=\"168\" height=\"300\" srcset=\"http:\/\/kormans.at\/wp-content\/uploads\/2016\/12\/Blasebalg-07-168x300.jpg 168w, http:\/\/kormans.at\/wp-content\/uploads\/2016\/12\/Blasebalg-07.jpg 398w\" sizes=\"auto, (max-width: 168px) 100vw, 168px\" \/><\/a> <a href=\"http:\/\/kormans.at\/wp-content\/uploads\/2016\/12\/Blasebalg-08.jpg\"><img loading=\"lazy\" decoding=\"async\" class=\"alignnone size-medium wp-image-439\" src=\"http:\/\/kormans.at\/wp-content\/uploads\/2016\/12\/Blasebalg-08-168x300.jpg\" alt=\"Blasebalg-08\" width=\"168\" height=\"300\" srcset=\"http:\/\/kormans.at\/wp-content\/uploads\/2016\/12\/Blasebalg-08-168x300.jpg 168w, http:\/\/kormans.at\/wp-content\/uploads\/2016\/12\/Blasebalg-08.jpg 398w\" sizes=\"auto, (max-width: 168px) 100vw, 168px\" \/><\/a> <a href=\"http:\/\/kormans.at\/wp-content\/uploads\/2016\/12\/Blasebalg-09.jpg\"><img loading=\"lazy\" decoding=\"async\" class=\"alignnone size-medium wp-image-440\" src=\"http:\/\/kormans.at\/wp-content\/uploads\/2016\/12\/Blasebalg-09-168x300.jpg\" alt=\"Blasebalg-09\" width=\"168\" height=\"300\" srcset=\"http:\/\/kormans.at\/wp-content\/uploads\/2016\/12\/Blasebalg-09-168x300.jpg 168w, http:\/\/kormans.at\/wp-content\/uploads\/2016\/12\/Blasebalg-09.jpg 398w\" sizes=\"auto, (max-width: 168px) 100vw, 168px\" \/><\/a> <a href=\"http:\/\/kormans.at\/wp-content\/uploads\/2016\/12\/Blasebalg-10.jpg\"><img loading=\"lazy\" decoding=\"async\" class=\"alignnone size-medium wp-image-441\" src=\"http:\/\/kormans.at\/wp-content\/uploads\/2016\/12\/Blasebalg-10-168x300.jpg\" alt=\"Blasebalg-10\" width=\"168\" height=\"300\" srcset=\"http:\/\/kormans.at\/wp-content\/uploads\/2016\/12\/Blasebalg-10-168x300.jpg 168w, http:\/\/kormans.at\/wp-content\/uploads\/2016\/12\/Blasebalg-10.jpg 398w\" sizes=\"auto, (max-width: 168px) 100vw, 168px\" \/><\/a> <a href=\"http:\/\/kormans.at\/wp-content\/uploads\/2016\/12\/Blasebalg-11.jpg\"><img loading=\"lazy\" decoding=\"async\" class=\"alignnone size-medium wp-image-442\" src=\"http:\/\/kormans.at\/wp-content\/uploads\/2016\/12\/Blasebalg-11-168x300.jpg\" alt=\"Blasebalg-11\" width=\"168\" height=\"300\" srcset=\"http:\/\/kormans.at\/wp-content\/uploads\/2016\/12\/Blasebalg-11-168x300.jpg 168w, http:\/\/kormans.at\/wp-content\/uploads\/2016\/12\/Blasebalg-11.jpg 398w\" sizes=\"auto, (max-width: 168px) 100vw, 168px\" \/><\/a> <a href=\"http:\/\/kormans.at\/wp-content\/uploads\/2016\/12\/Blasebalg-12.jpg\"><img loading=\"lazy\" decoding=\"async\" class=\"alignnone size-medium wp-image-443\" src=\"http:\/\/kormans.at\/wp-content\/uploads\/2016\/12\/Blasebalg-12-168x300.jpg\" alt=\"Blasebalg-12\" width=\"168\" height=\"300\" srcset=\"http:\/\/kormans.at\/wp-content\/uploads\/2016\/12\/Blasebalg-12-168x300.jpg 168w, http:\/\/kormans.at\/wp-content\/uploads\/2016\/12\/Blasebalg-12.jpg 398w\" sizes=\"auto, (max-width: 168px) 100vw, 168px\" \/><\/a> <a href=\"http:\/\/kormans.at\/wp-content\/uploads\/2016\/12\/Blasebalg-13.jpg\"><img loading=\"lazy\" decoding=\"async\" class=\"alignnone size-medium wp-image-444\" src=\"http:\/\/kormans.at\/wp-content\/uploads\/2016\/12\/Blasebalg-13-168x300.jpg\" alt=\"Blasebalg-13\" width=\"168\" height=\"300\" srcset=\"http:\/\/kormans.at\/wp-content\/uploads\/2016\/12\/Blasebalg-13-168x300.jpg 168w, http:\/\/kormans.at\/wp-content\/uploads\/2016\/12\/Blasebalg-13.jpg 398w\" sizes=\"auto, (max-width: 168px) 100vw, 168px\" \/><\/a> <a href=\"http:\/\/kormans.at\/wp-content\/uploads\/2016\/12\/Blasebalg-14.jpg\"><img loading=\"lazy\" decoding=\"async\" class=\"alignnone size-medium wp-image-445\" src=\"http:\/\/kormans.at\/wp-content\/uploads\/2016\/12\/Blasebalg-14-168x300.jpg\" alt=\"Blasebalg-14\" width=\"168\" height=\"300\" srcset=\"http:\/\/kormans.at\/wp-content\/uploads\/2016\/12\/Blasebalg-14-168x300.jpg 168w, http:\/\/kormans.at\/wp-content\/uploads\/2016\/12\/Blasebalg-14.jpg 398w\" sizes=\"auto, (max-width: 168px) 100vw, 168px\" \/><\/a><\/p>\n","protected":false},"excerpt":{"rendered":"<p>&nbsp; 2016-Nov VHS-Kurs Bronze1 in Bruck \u00a0 &nbsp; 2016-09-25 Erlebnistag im &#8222;\u00d6sterreichischen Freilichtmuseum St\u00fcbing&#8220; \u00a0 \u00a0\u00a0 &nbsp; \u00a02016 M\u00e4rz Ein Blasebalg entsteht (Nachbau aus der Krakauer Schmiede &#8222;\u00d6sterreichisches Freilichtmuseum St\u00fcbing&#8220;)<\/p>\n","protected":false},"author":2,"featured_media":0,"parent":0,"menu_order":0,"comment_status":"closed","ping_status":"closed","template":"","meta":{"footnotes":""},"class_list":["post-347","page","type-page","status-publish","hentry"],"_links":{"self":[{"href":"http:\/\/kormans.at\/index.php?rest_route=\/wp\/v2\/pages\/347","targetHints":{"allow":["GET"]}}],"collection":[{"href":"http:\/\/kormans.at\/index.php?rest_route=\/wp\/v2\/pages"}],"about":[{"href":"http:\/\/kormans.at\/index.php?rest_route=\/wp\/v2\/types\/page"}],"author":[{"embeddable":true,"href":"http:\/\/kormans.at\/index.php?rest_route=\/wp\/v2\/users\/2"}],"replies":[{"embeddable":true,"href":"http:\/\/kormans.at\/index.php?rest_route=%2Fwp%2Fv2%2Fcomments&post=347"}],"version-history":[{"count":7,"href":"http:\/\/kormans.at\/index.php?rest_route=\/wp\/v2\/pages\/347\/revisions"}],"predecessor-version":[{"id":452,"href":"http:\/\/kormans.at\/index.php?rest_route=\/wp\/v2\/pages\/347\/revisions\/452"}],"wp:attachment":[{"href":"http:\/\/kormans.at\/index.php?rest_route=%2Fwp%2Fv2%2Fmedia&parent=347"}],"curies":[{"name":"wp","href":"https:\/\/api.w.org\/{rel}","templated":true}]}}