{"id":307,"date":"2016-02-04T14:14:18","date_gmt":"2016-02-04T14:14:18","guid":{"rendered":"http:\/\/kormans.at\/?page_id=307"},"modified":"2024-12-17T15:47:56","modified_gmt":"2024-12-17T15:47:56","slug":"freilichtmuseum-stuebing","status":"publish","type":"page","link":"http:\/\/kormans.at\/?page_id=307","title":{"rendered":"\u00d6sterreichisches Freilichtmuseum St\u00fcbing"},"content":{"rendered":"<p>&nbsp;<\/p>\n<h2>Bronzeguss-Vorf\u00fchrungen<\/h2>\n<p>Der Bronzeguss ist ein Urverfahren, bei dem fl\u00fcssige Bronze (Kupfer und Zinn)<br \/>\nin eine selbst erstellte Hohlform gegossen wird.<br \/>\nBei den Vorf\u00fchrungen d\u00fcrfen die Besucher auch selbst aktiv sein,<br \/>\nwenn der Formkasten vorbereitet wird.<br \/>\nEs entstehen Kr\u00e4utersicheln, n\u00fctzliches Gartenwerkzeug, sch\u00f6ne Anh\u00e4nger,<br \/>\nsowie keltische Replikate, wie Fibeln und Runen.<\/p>\n<p><strong>Referent: \u00a0\u00a0<\/strong><br \/>\nAndreas Proksch<br \/>\n8160 Thannhausen, Felsenweg 5\/2<br \/>\nandreas.proksch@kormans.at<\/p>\n<p><strong>Info:<\/strong><br \/>\n\u00d6sterreichisches Freilichtmuseum St\u00fcbing<br \/>\nTel.: + 43 (0) 3124\/53700<br \/>\n<span id=\"cloak8526\"><a href=\"mailto:service@freilichtmuseum.at\">service@freilichtmuseum.at<\/a><\/span><\/p>\n<p><a href=\"http:\/\/www.freilichtmuseum.at\"><img loading=\"lazy\" decoding=\"async\" class=\"alignnone size-full wp-image-310\" src=\"http:\/\/kormans.at\/wp-content\/uploads\/2015\/01\/\u00d6FM-Logo-quer-10-rgb-H1cm.jpg\" alt=\"\u00d6FM Logo quer 10 rgb H1cm\" width=\"294\" height=\"118\" \/><\/a><\/p>\n","protected":false},"excerpt":{"rendered":"<p>&nbsp; Bronzeguss-Vorf\u00fchrungen Der Bronzeguss ist ein Urverfahren, bei dem fl\u00fcssige Bronze (Kupfer und Zinn) in eine selbst erstellte Hohlform gegossen wird. Bei den Vorf\u00fchrungen d\u00fcrfen die Besucher auch selbst aktiv sein, wenn der Formkasten vorbereitet wird. Es entstehen Kr\u00e4utersicheln, n\u00fctzliches Gartenwerkzeug, sch\u00f6ne Anh\u00e4nger, sowie keltische Replikate, wie Fibeln und Runen. Referent: \u00a0\u00a0 Andreas Proksch 8160 &hellip; <a href=\"http:\/\/kormans.at\/?page_id=307\" class=\"more-link\"><span class=\"screen-reader-text\">\u00d6sterreichisches Freilichtmuseum St\u00fcbing<\/span> weiterlesen<\/a><\/p>\n","protected":false},"author":2,"featured_media":0,"parent":0,"menu_order":0,"comment_status":"closed","ping_status":"closed","template":"","meta":{"footnotes":""},"class_list":["post-307","page","type-page","status-publish","hentry"],"_links":{"self":[{"href":"http:\/\/kormans.at\/index.php?rest_route=\/wp\/v2\/pages\/307","targetHints":{"allow":["GET"]}}],"collection":[{"href":"http:\/\/kormans.at\/index.php?rest_route=\/wp\/v2\/pages"}],"about":[{"href":"http:\/\/kormans.at\/index.php?rest_route=\/wp\/v2\/types\/page"}],"author":[{"embeddable":true,"href":"http:\/\/kormans.at\/index.php?rest_route=\/wp\/v2\/users\/2"}],"replies":[{"embeddable":true,"href":"http:\/\/kormans.at\/index.php?rest_route=%2Fwp%2Fv2%2Fcomments&post=307"}],"version-history":[{"count":11,"href":"http:\/\/kormans.at\/index.php?rest_route=\/wp\/v2\/pages\/307\/revisions"}],"predecessor-version":[{"id":821,"href":"http:\/\/kormans.at\/index.php?rest_route=\/wp\/v2\/pages\/307\/revisions\/821"}],"wp:attachment":[{"href":"http:\/\/kormans.at\/index.php?rest_route=%2Fwp%2Fv2%2Fmedia&parent=307"}],"curies":[{"name":"wp","href":"https:\/\/api.w.org\/{rel}","templated":true}]}}