{"id":176,"date":"2016-01-07T09:59:52","date_gmt":"2016-01-07T09:59:52","guid":{"rendered":"http:\/\/kormans.at\/?page_id=176"},"modified":"2024-12-18T08:41:39","modified_gmt":"2024-12-18T08:41:39","slug":"emailobjekte","status":"publish","type":"page","link":"http:\/\/kormans.at\/?page_id=176","title":{"rendered":"Emailobjekte"},"content":{"rendered":"\n<div class=\"wp-block-group\"><div class=\"wp-block-group__inner-container is-layout-constrained wp-block-group-is-layout-constrained\">\n<figure class=\"wp-block-table\"><table class=\"has-fixed-layout\"><tbody><tr><td>&nbsp;<img loading=\"lazy\" decoding=\"async\" width=\"286\" height=\"300\" class=\"alignnone size-medium wp-image-177\" src=\"http:\/\/kormans.at\/wp-content\/uploads\/2016\/01\/BlackGreenWhite-286x300.jpg\" alt=\"BlackGreenWhite\" srcset=\"http:\/\/kormans.at\/wp-content\/uploads\/2016\/01\/BlackGreenWhite-286x300.jpg 286w, http:\/\/kormans.at\/wp-content\/uploads\/2016\/01\/BlackGreenWhite.jpg 591w\" sizes=\"auto, (max-width: 286px) 100vw, 286px\" \/>Emailanh\u00e4nger &#8211; Olive-Schwarz-Wei\u00df<\/td><\/tr><tr><td>&nbsp;<img loading=\"lazy\" decoding=\"async\" width=\"300\" height=\"277\" class=\"alignnone size-medium wp-image-178\" src=\"http:\/\/kormans.at\/wp-content\/uploads\/2016\/01\/Eyes-300x277.jpg\" alt=\"Eyes\" srcset=\"http:\/\/kormans.at\/wp-content\/uploads\/2016\/01\/Eyes-300x277.jpg 300w, http:\/\/kormans.at\/wp-content\/uploads\/2016\/01\/Eyes.jpg 591w\" sizes=\"auto, (max-width: 300px) 100vw, 300px\" \/>Emailanh\u00e4nger &#8211; Eyes<\/td><\/tr><tr><td>&nbsp;<img loading=\"lazy\" decoding=\"async\" width=\"300\" height=\"274\" class=\"alignnone size-medium wp-image-179\" src=\"http:\/\/kormans.at\/wp-content\/uploads\/2016\/01\/Triangle-300x274.jpg\" alt=\"Triangle\" srcset=\"http:\/\/kormans.at\/wp-content\/uploads\/2016\/01\/Triangle-300x274.jpg 300w, http:\/\/kormans.at\/wp-content\/uploads\/2016\/01\/Triangle.jpg 457w\" sizes=\"auto, (max-width: 300px) 100vw, 300px\" \/>Emailanh\u00e4nger &#8211; Basic forms<\/td><\/tr><tr><td>&nbsp;<img loading=\"lazy\" decoding=\"async\" width=\"191\" height=\"300\" class=\"alignnone size-medium wp-image-180\" src=\"http:\/\/kormans.at\/wp-content\/uploads\/2016\/01\/YellowBlue-191x300.jpg\" alt=\"YellowBlue\" srcset=\"http:\/\/kormans.at\/wp-content\/uploads\/2016\/01\/YellowBlue-191x300.jpg 191w, http:\/\/kormans.at\/wp-content\/uploads\/2016\/01\/YellowBlue.jpg 591w\" sizes=\"auto, (max-width: 191px) 100vw, 191px\" \/><br><br>Emailanh\u00e4nger &#8211; Wave<\/td><\/tr><tr><td><img loading=\"lazy\" decoding=\"async\" width=\"288\" height=\"300\" class=\"alignnone size-medium wp-image-210\" src=\"http:\/\/kormans.at\/wp-content\/uploads\/2016\/01\/Venusblume-288x300.jpg\" alt=\"Venusblume\" srcset=\"http:\/\/kormans.at\/wp-content\/uploads\/2016\/01\/Venusblume-288x300.jpg 288w, http:\/\/kormans.at\/wp-content\/uploads\/2016\/01\/Venusblume.jpg 591w\" sizes=\"auto, (max-width: 288px) 100vw, 288px\" \/>Emailanh\u00e4nger &#8211; Venusblume<\/td><\/tr><\/tbody><\/table><\/figure>\n<\/div><\/div>\n\n\n\n<p>&nbsp;<\/p>\n","protected":false},"excerpt":{"rendered":"<p>&nbsp;Emailanh\u00e4nger &#8211; Olive-Schwarz-Wei\u00df &nbsp;Emailanh\u00e4nger &#8211; Eyes &nbsp;Emailanh\u00e4nger &#8211; Basic forms &nbsp; Emailanh\u00e4nger &#8211; Wave Emailanh\u00e4nger &#8211; Venusblume &nbsp;<\/p>\n","protected":false},"author":2,"featured_media":0,"parent":0,"menu_order":0,"comment_status":"closed","ping_status":"closed","template":"","meta":{"footnotes":""},"class_list":["post-176","page","type-page","status-publish","hentry"],"_links":{"self":[{"href":"http:\/\/kormans.at\/index.php?rest_route=\/wp\/v2\/pages\/176","targetHints":{"allow":["GET"]}}],"collection":[{"href":"http:\/\/kormans.at\/index.php?rest_route=\/wp\/v2\/pages"}],"about":[{"href":"http:\/\/kormans.at\/index.php?rest_route=\/wp\/v2\/types\/page"}],"author":[{"embeddable":true,"href":"http:\/\/kormans.at\/index.php?rest_route=\/wp\/v2\/users\/2"}],"replies":[{"embeddable":true,"href":"http:\/\/kormans.at\/index.php?rest_route=%2Fwp%2Fv2%2Fcomments&post=176"}],"version-history":[{"count":8,"href":"http:\/\/kormans.at\/index.php?rest_route=\/wp\/v2\/pages\/176\/revisions"}],"predecessor-version":[{"id":849,"href":"http:\/\/kormans.at\/index.php?rest_route=\/wp\/v2\/pages\/176\/revisions\/849"}],"wp:attachment":[{"href":"http:\/\/kormans.at\/index.php?rest_route=%2Fwp%2Fv2%2Fmedia&parent=176"}],"curies":[{"name":"wp","href":"https:\/\/api.w.org\/{rel}","templated":true}]}}