{"id":106,"date":"2015-01-21T12:21:32","date_gmt":"2015-01-21T12:21:32","guid":{"rendered":"http:\/\/kormans.at\/?page_id=106"},"modified":"2016-01-06T11:05:16","modified_gmt":"2016-01-06T11:05:16","slug":"info_02_agb","status":"publish","type":"page","link":"http:\/\/kormans.at\/?page_id=106","title":{"rendered":"AGB"},"content":{"rendered":"<p><strong>Allgemeine Gesch\u00e4ftsbedingungen<\/strong><\/p>\n<p>&nbsp;<\/p>\n<ol>\n<li>Geltungsbereich<br \/>\nF\u00fcr alle Lieferungen von KORMANS \u2013 in Ing. Andreas Proksch an Verbraucher gelten diese Allgemeinen Gesch\u00e4ftsbedingungen (AGB).<\/li>\n<\/ol>\n<p>Verbraucher ist jede nat\u00fcrliche Person, die ein Rechtsgesch\u00e4ft zu einem Zwecke abschlie\u00dft, der weder ihrer gewerblichen noch ihrer selbstst\u00e4ndigen beruflichen T\u00e4tigkeit zugerechnet werden kann.<\/p>\n<ol start=\"2\">\n<li>Vertragspartner<br \/>\nDer Kaufvertrag kommt zustande mit Ing. Andreas Proksch \u2013 Einzelunternehmen, Landscha 86, 8160 Weiz\/Thannhausen,\u00d6sterreich . Sie erreichen uns f\u00fcr Fragen, Reklamationen und Beanstandungen werktags von 9:00 bis 14:00 unter der Telefonnummer +43 (0)676 6412449 sowie per E-Mail unter andreas.proksch@kormans.at.<\/li>\n<li>Angebot und Vertragsschluss<br \/>\n3.1 Die Darstellung der Produkte im Online-Shop stellt kein rechtlich bindendes Angebot, sondern eine Aufforderung zur Bestellung dar. Irrt\u00fcmer vorbehalten.<br \/>\n3.2 Durch Anklicken des Bestellen-Buttons im letzten Schritt des Bestellprozesses geben Sie eine verbindliche Bestellung der auf der Bestellseite gelisteten Waren ab. Der Kaufvertrag kommt zustande, wenn wir Ihre Bestellung durch eine Auftragsbest\u00e4tigung per E-Mail unmittelbar nach dem Erhalt Ihrer Bestellung annehmen.<\/li>\n<li>Widerrufsrecht<\/li>\n<\/ol>\n<p>Verbraucher haben ein vierzehnt\u00e4giges Widerrufsrecht.<\/p>\n<p>Widerrufsbelehrung<\/p>\n<p>Widerrufsrecht:<br \/>\nSie k\u00f6nnen Ihre Vertragserkl\u00e4rung innerhalb von 14 Tagen ohne Angabe von Gr\u00fcnden in Textform (z. B. Brief, Fax, E-Mail) oder \u2013 wenn Ihnen die Sache vor Fristablauf \u00fcberlassen wird \u2013 durch R\u00fccksendung der Sache widerrufen. Die Frist beginnt nach Erhalt dieser Belehrung in Textform, jedoch nicht vor Eingang der Ware beim Empf\u00e4nger (bei der wiederkehrenden Lieferung gleichartiger Waren nicht vor Eingang der ersten Teillieferung). Zur Wahrung der Widerrufsfrist gen\u00fcgt die rechtzeitige Absendung des Widerrufs oder der Sache. Der Widerruf ist zu richten an:<\/p>\n<p>Ing. Andreas Proksch \u2013 Einzelunternehmen, Landscha 86,8160 Weiz\/Thannhausen,<br \/>\nE-Mail andreas.proksch@kormans.at.<\/p>\n<p>Widerrufsfolgen:<br \/>\nIm Falle eines wirksamen Widerrufs sind die beiderseits empfangenen Leistungen zur\u00fcckzugew\u00e4hren und ggf. gezogene Nutzungen (z. B. Zinsen) herauszugeben. K\u00f6nnen Sie uns die empfangene Leistung ganz oder teilweise nicht oder nur in verschlechtertem Zustand zur\u00fcckgew\u00e4hren, m\u00fcssen Sie uns insoweit ggf. Wertersatz leisten. Bei der \u00dcberlassung von Sachen gilt dies nicht, wenn die Verschlechterung der Sache ausschlie\u00dflich auf deren Pr\u00fcfung \u2013 wie sie Ihnen etwa im Ladengesch\u00e4ft m\u00f6glich gewesen w\u00e4re \u2013 zur\u00fcckzuf\u00fchren ist. Im \u00dcbrigen k\u00f6nnen Sie die Pflicht zum Wertersatz f\u00fcr eine durch die bestimmungsgem\u00e4\u00dfe Ingebrauchnahme der Sache entstandene Verschlechterung vermeiden, indem Sie die Sache nicht wie Ihr Eigentum in Gebrauch nehmen und alles unterlassen, was deren Wert beeintr\u00e4chtigt. Paketversandf\u00e4hige Sachen sind auf unsere Gefahr zur\u00fcckzusenden. Sie haben die Kosten der R\u00fccksendung zu tragen, wenn die gelieferte Ware der bestellten entspricht und wenn der Preis der zur\u00fcckzusendenden Sache einen Betrag von 40 Euro nicht \u00fcbersteigt oder wenn Sie bei einem h\u00f6heren Preis der Sache zum Zeitpunkt des Widerrufs noch nicht die Gegenleistung oder eine vertraglich vereinbarte Teilzahlung erbracht haben. Anderenfalls ist die R\u00fccksendung f\u00fcr Sie kostenfrei. Nicht paketversandf\u00e4hige Sachen werden bei Ihnen abgeholt. Verpflichtungen zur Erstattung von Zahlungen m\u00fcssen innerhalb von 30 Tagen erf\u00fcllt werden. Die Frist beginnt f\u00fcr Sie mit der Absendung Ihrer Widerrufserkl\u00e4rung oder der Sache, f\u00fcr uns mit deren Empfang.<\/p>\n<p>Ende der Widerrufsbelehrung<\/p>\n<p>Das Widerrufsrecht besteht nicht bei Fernabsatzvertr\u00e4gen<br \/>\n&#8211; zur Lieferung von Waren, die nach Kundenspezifikation angefertigt werden oder<br \/>\n&#8211; eindeutig auf die pers\u00f6nlichen Bed\u00fcrfnisse zugeschnitten sind oder<\/p>\n<p>4a. R\u00fccksendekosten bei Aus\u00fcbung des Widerrufsrechtes<\/p>\n<p>Machen Sie von Ihrem gesetzlichen Widerrufsrecht Gebrauch (siehe Widerrufsbelehrung), haben Sie die regelm\u00e4\u00dfigen Kosten der R\u00fccksendung zu tragen, wenn die gelieferte Ware der bestellten entspricht und wenn der Preis der zur\u00fcckzusendenden Sache einen Betrag von 40 Euro nicht \u00fcbersteigt oder wenn Sie bei einem h\u00f6heren Preis der Sache zum Zeitpunkt des Widerrufs noch nicht die Gegenleistung oder eine vertraglich vereinbarte Teilzahlung erbracht haben. Anderenfalls ist die R\u00fccksendung f\u00fcr Sie kostenfrei.<\/p>\n<ol start=\"5\">\n<li>Preise und Versandkosten<br \/>\n5.1 Die auf den Produktseiten genannten Preise enthalten die gesetzliche Mehrwertsteuer und sonstige Preisbestandteile.<br \/>\n5.2 Informationen zu zus\u00e4tzlich anfallenden Versandkosten erhalten Sie in dem Bestellvorgang.<\/li>\n<li>Lieferung<br \/>\n6.1 Die Lieferung erfolgt innerhalb \u00d6sterreich entweder mit der Post AG oder mit Hermes, au\u00dferhalb \u00d6sterreich wird die Lieferung durch ans\u00e4ssige Postunternehmen weiter durchgef\u00fchrt.<br \/>\n6.2 Die bestellte Ware wird im Normalfall innerhalb von 3 \u2013 5 Tagen nach dem Zahlungseingang versendet. Die Lieferzeit ist von der Lieferadresse abh\u00e4ngig. Auf evtl. abweichende Lieferzeiten weisen wir auf der jeweiligen Produktseite hin. Bei Sonderanfertigungen wird die bestellte Ware in der Regel innerhalb 2 \u2013 3 Wochen zur Auslieferung gebracht. Wir informieren Sie per E-Mail \u00fcber den Versand Ihrer Bestellung und die erwartete Lieferzeiten.<\/li>\n<li>Zahlung<br \/>\n7.1 Die Zahlung erfolgt wahlweise per Vorkassa \u2013 \u00dcberweisung auf unser Konto oder per PayPal, die Zahlungsarten werden Ihnen im Bestellprozess zur Auswahl gestellt. Es ist auch die Lieferung und Zahlung per Nachnahme m\u00f6glich, beachten Sie, dass es bei Zahlung per Nachnahme zus\u00e4tzliche Kosten entstehen, bei der Zustellung wird von der Post eine zus\u00e4tzliche Geb\u00fchr eingehoben.<br \/>\n7.2 Ein Recht zur Aufrechnung steht Ihnen nur dann zu, wenn Ihre Gegenanspr\u00fcche rechtskr\u00e4ftig gerichtlich festgestellt oder unbestritten sind oder schriftlich durch uns anerkannt wurden.<br \/>\n7.3 Sie k\u00f6nnen ein Zur\u00fcckbehaltungsrecht nur aus\u00fcben, soweit die Anspr\u00fcche aus dem gleichen Vertragsverh\u00e4ltnis resultieren.<\/li>\n<li>Eigentumsvorbehalt<br \/>\nBis zur vollst\u00e4ndigen Zahlung bleibt die Ware unser Eigentum<\/li>\n<li>Vertragstext<br \/>\nDer Vertragstext wird auf unseren internen Systemen gespeichert. Die Allgemeinen Gesch\u00e4ftsbedingungen k\u00f6nnen Sie jederzeit auf dieser Seite einsehen. Soweit Sie ein Kundenkonto erstellt haben, k\u00f6nnen Sie Ihre Kundendaten jederzeit unter \u2018Kundenlogin\u2019 einsehen. Die Bestelldaten werden Ihnen per E-Mail zugesendet. Nach Abschluss der Bestellung ist der Vertragstext aus Sicherheitsgr\u00fcnden nicht mehr \u00fcber das Internet zug\u00e4nglich.<\/li>\n<\/ol>\n<p>&nbsp;<\/p>\n","protected":false},"excerpt":{"rendered":"<p>Allgemeine Gesch\u00e4ftsbedingungen &nbsp; Geltungsbereich F\u00fcr alle Lieferungen von KORMANS \u2013 in Ing. Andreas Proksch an Verbraucher gelten diese Allgemeinen Gesch\u00e4ftsbedingungen (AGB). Verbraucher ist jede nat\u00fcrliche Person, die ein Rechtsgesch\u00e4ft zu einem Zwecke abschlie\u00dft, der weder ihrer gewerblichen noch ihrer selbstst\u00e4ndigen beruflichen T\u00e4tigkeit zugerechnet werden kann. Vertragspartner Der Kaufvertrag kommt zustande mit Ing. Andreas Proksch \u2013 &hellip; <a href=\"http:\/\/kormans.at\/?page_id=106\" class=\"more-link\"><span class=\"screen-reader-text\">AGB<\/span> weiterlesen<\/a><\/p>\n","protected":false},"author":2,"featured_media":0,"parent":0,"menu_order":0,"comment_status":"closed","ping_status":"closed","template":"","meta":{"footnotes":""},"class_list":["post-106","page","type-page","status-publish","hentry"],"_links":{"self":[{"href":"http:\/\/kormans.at\/index.php?rest_route=\/wp\/v2\/pages\/106","targetHints":{"allow":["GET"]}}],"collection":[{"href":"http:\/\/kormans.at\/index.php?rest_route=\/wp\/v2\/pages"}],"about":[{"href":"http:\/\/kormans.at\/index.php?rest_route=\/wp\/v2\/types\/page"}],"author":[{"embeddable":true,"href":"http:\/\/kormans.at\/index.php?rest_route=\/wp\/v2\/users\/2"}],"replies":[{"embeddable":true,"href":"http:\/\/kormans.at\/index.php?rest_route=%2Fwp%2Fv2%2Fcomments&post=106"}],"version-history":[{"count":4,"href":"http:\/\/kormans.at\/index.php?rest_route=\/wp\/v2\/pages\/106\/revisions"}],"predecessor-version":[{"id":128,"href":"http:\/\/kormans.at\/index.php?rest_route=\/wp\/v2\/pages\/106\/revisions\/128"}],"wp:attachment":[{"href":"http:\/\/kormans.at\/index.php?rest_route=%2Fwp%2Fv2%2Fmedia&parent=106"}],"curies":[{"name":"wp","href":"https:\/\/api.w.org\/{rel}","templated":true}]}}